{"id":42,"date":"2020-03-30T07:47:50","date_gmt":"2020-03-30T07:47:50","guid":{"rendered":"http:\/\/www.alker.si\/?page_id=42"},"modified":"2020-03-30T16:37:03","modified_gmt":"2020-03-30T16:37:03","slug":"domov","status":"publish","type":"page","link":"http:\/\/www.alker.si\/","title":{"rendered":""},"content":{"rendered":"\n<p class=\"has-text-align-center\">Pozdravljeni! <\/p>\n\n\n\n<p>Polaganje plo\u0161\u010dic in druge keramike ni ma\u010dji ka\u0161elj. Dobro polo\u017eena keramika je zrcalo lepega in urejenga doma, zato to delo jemljem skrajno resno.<\/p>\n\n\n\n<p>Leta izku\u0161enj in \u010dut za estetiko skupaj z dobro mero potrpe\u017eljivosti poskrbijo, da je vsaka stranka zadovoljna s kon\u010dnim izdelkom. <\/p>\n\n\n\n<p>V veliko veselje mi je, da lahko skupaj z mojim delom in va\u0161imi \u017eeljami va\u0161 dom naredimo \u0161e bolj doma\u010d in vabljiv.<\/p>\n\n\n\n<p>Reference:<\/p>\n\n\n\n<figure class=\"wp-block-gallery aligncenter columns-3 is-cropped wp-block-gallery-1 is-layout-flex wp-block-gallery-is-layout-flex\"><ul class=\"blocks-gallery-grid\"><li class=\"blocks-gallery-item\"><figure><img loading=\"lazy\" decoding=\"async\" width=\"1024\" height=\"768\" src=\"http:\/\/www.alker.si\/wp-content\/uploads\/2020\/03\/90819897_114607370180998_1741164602038681600_o-1024x768.jpg\" alt=\"\" data-id=\"162\" data-link=\"http:\/\/www.alker.si\/?attachment_id=162\" class=\"wp-image-162\" srcset=\"http:\/\/www.alker.si\/wp-content\/uploads\/2020\/03\/90819897_114607370180998_1741164602038681600_o-1024x768.jpg 1024w, http:\/\/www.alker.si\/wp-content\/uploads\/2020\/03\/90819897_114607370180998_1741164602038681600_o-300x225.jpg 300w, http:\/\/www.alker.si\/wp-content\/uploads\/2020\/03\/90819897_114607370180998_1741164602038681600_o-768x576.jpg 768w, http:\/\/www.alker.si\/wp-content\/uploads\/2020\/03\/90819897_114607370180998_1741164602038681600_o.jpg 1440w\" sizes=\"auto, (max-width: 1024px) 100vw, 1024px\" \/><\/figure><\/li><li class=\"blocks-gallery-item\"><figure><img loading=\"lazy\" decoding=\"async\" width=\"640\" height=\"480\" src=\"http:\/\/www.alker.si\/wp-content\/uploads\/2020\/03\/91299449_114591506849251_5070098031232155648_n.jpg\" alt=\"\" data-id=\"163\" data-link=\"http:\/\/www.alker.si\/?attachment_id=163\" class=\"wp-image-163\" srcset=\"http:\/\/www.alker.si\/wp-content\/uploads\/2020\/03\/91299449_114591506849251_5070098031232155648_n.jpg 640w, http:\/\/www.alker.si\/wp-content\/uploads\/2020\/03\/91299449_114591506849251_5070098031232155648_n-300x225.jpg 300w\" sizes=\"auto, (max-width: 640px) 100vw, 640px\" \/><\/figure><\/li><li class=\"blocks-gallery-item\"><figure><img loading=\"lazy\" decoding=\"async\" width=\"960\" height=\"720\" src=\"http:\/\/www.alker.si\/wp-content\/uploads\/2020\/03\/91323244_114624463512622_6202675328024838144_n.jpg\" alt=\"\" data-id=\"164\" data-link=\"http:\/\/www.alker.si\/?attachment_id=164\" class=\"wp-image-164\" srcset=\"http:\/\/www.alker.si\/wp-content\/uploads\/2020\/03\/91323244_114624463512622_6202675328024838144_n.jpg 960w, http:\/\/www.alker.si\/wp-content\/uploads\/2020\/03\/91323244_114624463512622_6202675328024838144_n-300x225.jpg 300w, http:\/\/www.alker.si\/wp-content\/uploads\/2020\/03\/91323244_114624463512622_6202675328024838144_n-768x576.jpg 768w\" sizes=\"auto, (max-width: 960px) 100vw, 960px\" \/><\/figure><\/li><li class=\"blocks-gallery-item\"><figure><img loading=\"lazy\" decoding=\"async\" width=\"960\" height=\"720\" src=\"http:\/\/www.alker.si\/wp-content\/uploads\/2020\/03\/91343125_114633320178403_6674021634841509888_n.jpg\" alt=\"\" data-id=\"165\" data-link=\"http:\/\/www.alker.si\/?attachment_id=165\" class=\"wp-image-165\" srcset=\"http:\/\/www.alker.si\/wp-content\/uploads\/2020\/03\/91343125_114633320178403_6674021634841509888_n.jpg 960w, http:\/\/www.alker.si\/wp-content\/uploads\/2020\/03\/91343125_114633320178403_6674021634841509888_n-300x225.jpg 300w, http:\/\/www.alker.si\/wp-content\/uploads\/2020\/03\/91343125_114633320178403_6674021634841509888_n-768x576.jpg 768w\" sizes=\"auto, (max-width: 960px) 100vw, 960px\" \/><\/figure><\/li><li class=\"blocks-gallery-item\"><figure><img loading=\"lazy\" decoding=\"async\" width=\"960\" height=\"720\" src=\"http:\/\/www.alker.si\/wp-content\/uploads\/2020\/03\/91498479_114618020179933_8764544318460395520_n.jpg\" alt=\"\" data-id=\"167\" data-link=\"http:\/\/www.alker.si\/?attachment_id=167\" class=\"wp-image-167\" srcset=\"http:\/\/www.alker.si\/wp-content\/uploads\/2020\/03\/91498479_114618020179933_8764544318460395520_n.jpg 960w, http:\/\/www.alker.si\/wp-content\/uploads\/2020\/03\/91498479_114618020179933_8764544318460395520_n-300x225.jpg 300w, http:\/\/www.alker.si\/wp-content\/uploads\/2020\/03\/91498479_114618020179933_8764544318460395520_n-768x576.jpg 768w\" sizes=\"auto, (max-width: 960px) 100vw, 960px\" \/><\/figure><\/li><li class=\"blocks-gallery-item\"><figure><img loading=\"lazy\" decoding=\"async\" width=\"1024\" height=\"768\" src=\"http:\/\/www.alker.si\/wp-content\/uploads\/2020\/03\/IMG_20191130_103920-1024x768.jpg\" alt=\"\" data-id=\"179\" data-full-url=\"http:\/\/www.alker.si\/wp-content\/uploads\/2020\/03\/IMG_20191130_103920-scaled.jpg\" data-link=\"http:\/\/www.alker.si\/?attachment_id=179\" class=\"wp-image-179\" srcset=\"http:\/\/www.alker.si\/wp-content\/uploads\/2020\/03\/IMG_20191130_103920-1024x768.jpg 1024w, http:\/\/www.alker.si\/wp-content\/uploads\/2020\/03\/IMG_20191130_103920-300x225.jpg 300w, http:\/\/www.alker.si\/wp-content\/uploads\/2020\/03\/IMG_20191130_103920-768x576.jpg 768w, http:\/\/www.alker.si\/wp-content\/uploads\/2020\/03\/IMG_20191130_103920-1536x1152.jpg 1536w, http:\/\/www.alker.si\/wp-content\/uploads\/2020\/03\/IMG_20191130_103920-2048x1536.jpg 2048w\" sizes=\"auto, (max-width: 1024px) 100vw, 1024px\" \/><\/figure><\/li><li class=\"blocks-gallery-item\"><figure><img loading=\"lazy\" decoding=\"async\" width=\"1024\" height=\"768\" src=\"http:\/\/www.alker.si\/wp-content\/uploads\/2020\/03\/IMG_20200202_104017-1024x768.jpg\" alt=\"\" data-id=\"181\" data-full-url=\"http:\/\/www.alker.si\/wp-content\/uploads\/2020\/03\/IMG_20200202_104017-scaled.jpg\" data-link=\"http:\/\/www.alker.si\/?attachment_id=181\" class=\"wp-image-181\" srcset=\"http:\/\/www.alker.si\/wp-content\/uploads\/2020\/03\/IMG_20200202_104017-1024x768.jpg 1024w, http:\/\/www.alker.si\/wp-content\/uploads\/2020\/03\/IMG_20200202_104017-300x225.jpg 300w, http:\/\/www.alker.si\/wp-content\/uploads\/2020\/03\/IMG_20200202_104017-768x576.jpg 768w, http:\/\/www.alker.si\/wp-content\/uploads\/2020\/03\/IMG_20200202_104017-1536x1152.jpg 1536w, http:\/\/www.alker.si\/wp-content\/uploads\/2020\/03\/IMG_20200202_104017-2048x1536.jpg 2048w\" sizes=\"auto, (max-width: 1024px) 100vw, 1024px\" \/><\/figure><\/li><li class=\"blocks-gallery-item\"><figure><img loading=\"lazy\" decoding=\"async\" width=\"1024\" height=\"768\" src=\"http:\/\/www.alker.si\/wp-content\/uploads\/2020\/03\/IMG_20200320_120551-1024x768.jpg\" alt=\"\" data-id=\"182\" data-full-url=\"http:\/\/www.alker.si\/wp-content\/uploads\/2020\/03\/IMG_20200320_120551-scaled.jpg\" data-link=\"http:\/\/www.alker.si\/?attachment_id=182\" class=\"wp-image-182\" srcset=\"http:\/\/www.alker.si\/wp-content\/uploads\/2020\/03\/IMG_20200320_120551-1024x768.jpg 1024w, http:\/\/www.alker.si\/wp-content\/uploads\/2020\/03\/IMG_20200320_120551-300x225.jpg 300w, http:\/\/www.alker.si\/wp-content\/uploads\/2020\/03\/IMG_20200320_120551-768x576.jpg 768w, http:\/\/www.alker.si\/wp-content\/uploads\/2020\/03\/IMG_20200320_120551-1536x1152.jpg 1536w, http:\/\/www.alker.si\/wp-content\/uploads\/2020\/03\/IMG_20200320_120551-2048x1536.jpg 2048w\" sizes=\"auto, (max-width: 1024px) 100vw, 1024px\" \/><\/figure><\/li><li class=\"blocks-gallery-item\"><figure><img loading=\"lazy\" decoding=\"async\" width=\"1024\" height=\"768\" src=\"http:\/\/www.alker.si\/wp-content\/uploads\/2020\/03\/IMG_20200327_175257-1024x768.jpg\" alt=\"\" data-id=\"183\" data-full-url=\"http:\/\/www.alker.si\/wp-content\/uploads\/2020\/03\/IMG_20200327_175257-scaled.jpg\" data-link=\"http:\/\/www.alker.si\/?attachment_id=183\" class=\"wp-image-183\" srcset=\"http:\/\/www.alker.si\/wp-content\/uploads\/2020\/03\/IMG_20200327_175257-1024x768.jpg 1024w, http:\/\/www.alker.si\/wp-content\/uploads\/2020\/03\/IMG_20200327_175257-300x225.jpg 300w, http:\/\/www.alker.si\/wp-content\/uploads\/2020\/03\/IMG_20200327_175257-768x576.jpg 768w, http:\/\/www.alker.si\/wp-content\/uploads\/2020\/03\/IMG_20200327_175257-1536x1152.jpg 1536w, http:\/\/www.alker.si\/wp-content\/uploads\/2020\/03\/IMG_20200327_175257-2048x1536.jpg 2048w\" sizes=\"auto, (max-width: 1024px) 100vw, 1024px\" \/><\/figure><\/li><\/ul><\/figure>\n","protected":false},"excerpt":{"rendered":"<p>Pozdravljeni! Polaganje plo\u0161\u010dic in druge keramike ni ma\u010dji ka\u0161elj. Dobro polo\u017eena keramika je zrcalo lepega in urejenga doma, zato to delo jemljem skrajno resno. Leta izku\u0161enj in \u010dut za estetiko skupaj z dobro mero potrpe\u017eljivosti poskrbijo, da je vsaka stranka zadovoljna s kon\u010dnim izdelkom. V veliko veselje mi je, da<a class=\"moretag\" href=\"http:\/\/www.alker.si\/\"> Preberi ve\u010d<\/a><\/p>\n","protected":false},"author":2,"featured_media":151,"parent":0,"menu_order":0,"comment_status":"closed","ping_status":"closed","template":"","meta":{"footnotes":""},"class_list":["post-42","page","type-page","status-publish","has-post-thumbnail","hentry"],"_links":{"self":[{"href":"http:\/\/www.alker.si\/index.php?rest_route=\/wp\/v2\/pages\/42","targetHints":{"allow":["GET"]}}],"collection":[{"href":"http:\/\/www.alker.si\/index.php?rest_route=\/wp\/v2\/pages"}],"about":[{"href":"http:\/\/www.alker.si\/index.php?rest_route=\/wp\/v2\/types\/page"}],"author":[{"embeddable":true,"href":"http:\/\/www.alker.si\/index.php?rest_route=\/wp\/v2\/users\/2"}],"replies":[{"embeddable":true,"href":"http:\/\/www.alker.si\/index.php?rest_route=%2Fwp%2Fv2%2Fcomments&post=42"}],"version-history":[{"count":10,"href":"http:\/\/www.alker.si\/index.php?rest_route=\/wp\/v2\/pages\/42\/revisions"}],"predecessor-version":[{"id":185,"href":"http:\/\/www.alker.si\/index.php?rest_route=\/wp\/v2\/pages\/42\/revisions\/185"}],"wp:featuredmedia":[{"embeddable":true,"href":"http:\/\/www.alker.si\/index.php?rest_route=\/wp\/v2\/media\/151"}],"wp:attachment":[{"href":"http:\/\/www.alker.si\/index.php?rest_route=%2Fwp%2Fv2%2Fmedia&parent=42"}],"curies":[{"name":"wp","href":"https:\/\/api.w.org\/{rel}","templated":true}]}}